{"id":6,"date":"2022-03-17T13:36:17","date_gmt":"2022-03-17T12:36:17","guid":{"rendered":"http:\/\/trinity-france.fr\/?page_id=6"},"modified":"2022-03-22T13:17:51","modified_gmt":"2022-03-22T12:17:51","slug":"le-nouveau-e-mucem-ouvre-ses-portes-2","status":"publish","type":"page","link":"https:\/\/trinity-france.fr\/","title":{"rendered":"Une nouvelle plateforme !"},"content":{"rendered":"\n<p>TESS est une nouvelle plateforme de GTB pour piloter vos installations techniques. Souple, intuitive et puissante, elle sera l&#8217;outil indispensable \u00e0 vos \u00e9quipes techniques pour les accompagner vers la r\u00e9duction des consommations d&#8217;\u00e9nergie et la transformation num\u00e9rique. <\/p>\n\n\n\n<p>L&#8217;application GTB de TESS est install\u00e9e sur site et fonctionne de fa\u00e7on autonome et p\u00e9renne.<\/p>\n\n\n\n<p>Elle propose de nombreux modules comme les tableaux de bords \u00e9nerg\u00e9tique, des tableaux de bords d&#8217;alarmes, des modules de facturation&#8230;<\/p>\n\n\n\n<p>TESS propose aussi une solution cloud pour une gestion multisite, pour b\u00e9n\u00e9ficier d&#8217;outils d&#8217;optimisation avanc\u00e9s se basant sur de l&#8217;intelligence artificielle (micro grid), pour vous accompagner dans votre d\u00e9marche &#8220;Net Z\u00e9ro Carbone&#8221; avec suivi \u00e9nerg\u00e9tique temps r\u00e9el, achat automatique de cr\u00e9dits carbone, etc &#8230;<\/p>\n\n\n\n<p><\/p>\n\n\n\n<p><\/p>\n\n\n\n<figure class=\"wp-block-image size-large\"><img loading=\"lazy\" width=\"1024\" height=\"580\" src=\"http:\/\/trinity-france.fr\/wp-content\/uploads\/2022\/03\/image-2-1024x580.png\" alt=\"\" class=\"wp-image-71\" srcset=\"https:\/\/trinity-france.fr\/wp-content\/uploads\/2022\/03\/image-2-1024x580.png 1024w, https:\/\/trinity-france.fr\/wp-content\/uploads\/2022\/03\/image-2-300x170.png 300w, https:\/\/trinity-france.fr\/wp-content\/uploads\/2022\/03\/image-2-768x435.png 768w, https:\/\/trinity-france.fr\/wp-content\/uploads\/2022\/03\/image-2.png 1397w\" sizes=\"(max-width: 1024px) 100vw, 1024px\" \/><\/figure>\n\n\n\n<figure class=\"wp-block-image size-full\"><img loading=\"lazy\" width=\"998\" height=\"560\" src=\"http:\/\/trinity-france.fr\/wp-content\/uploads\/2022\/03\/image.png\" alt=\"\" class=\"wp-image-56\" srcset=\"https:\/\/trinity-france.fr\/wp-content\/uploads\/2022\/03\/image.png 998w, https:\/\/trinity-france.fr\/wp-content\/uploads\/2022\/03\/image-300x168.png 300w, https:\/\/trinity-france.fr\/wp-content\/uploads\/2022\/03\/image-768x431.png 768w\" sizes=\"(max-width: 998px) 100vw, 998px\" \/><\/figure>\n\n\n\n<figure class=\"wp-block-image size-large\"><img loading=\"lazy\" width=\"1024\" height=\"574\" src=\"http:\/\/trinity-france.fr\/wp-content\/uploads\/2022\/03\/image-1-1024x574.png\" alt=\"\" class=\"wp-image-58\" srcset=\"https:\/\/trinity-france.fr\/wp-content\/uploads\/2022\/03\/image-1-1024x574.png 1024w, https:\/\/trinity-france.fr\/wp-content\/uploads\/2022\/03\/image-1-300x168.png 300w, https:\/\/trinity-france.fr\/wp-content\/uploads\/2022\/03\/image-1-768x431.png 768w, https:\/\/trinity-france.fr\/wp-content\/uploads\/2022\/03\/image-1.png 1423w\" sizes=\"(max-width: 1024px) 100vw, 1024px\" \/><\/figure>\n\n\n\n<p><\/p>\n","protected":false},"excerpt":{"rendered":"<div class=\"slide-text-bg2\"><span>TESS est une nouvelle plateforme de GTB pour piloter vos installations techniques. Souple, intuitive et puissante, elle sera l&#8217;outil indispensable \u00e0<\/span><\/div>\n<div class=\"slide-btn-area-sm\"><a href=\"https:\/\/trinity-france.fr\/\" class=\"slide-btn-sm\">Read More<\/a><\/div>\n","protected":false},"author":1,"featured_media":5,"parent":0,"menu_order":0,"comment_status":"closed","ping_status":"closed","template":"fullwidth.php","meta":[],"_links":{"self":[{"href":"https:\/\/trinity-france.fr\/index.php?rest_route=\/wp\/v2\/pages\/6"}],"collection":[{"href":"https:\/\/trinity-france.fr\/index.php?rest_route=\/wp\/v2\/pages"}],"about":[{"href":"https:\/\/trinity-france.fr\/index.php?rest_route=\/wp\/v2\/types\/page"}],"author":[{"embeddable":true,"href":"https:\/\/trinity-france.fr\/index.php?rest_route=\/wp\/v2\/users\/1"}],"replies":[{"embeddable":true,"href":"https:\/\/trinity-france.fr\/index.php?rest_route=%2Fwp%2Fv2%2Fcomments&post=6"}],"version-history":[{"count":13,"href":"https:\/\/trinity-france.fr\/index.php?rest_route=\/wp\/v2\/pages\/6\/revisions"}],"predecessor-version":[{"id":91,"href":"https:\/\/trinity-france.fr\/index.php?rest_route=\/wp\/v2\/pages\/6\/revisions\/91"}],"wp:featuredmedia":[{"embeddable":true,"href":"https:\/\/trinity-france.fr\/index.php?rest_route=\/wp\/v2\/media\/5"}],"wp:attachment":[{"href":"https:\/\/trinity-france.fr\/index.php?rest_route=%2Fwp%2Fv2%2Fmedia&parent=6"}],"curies":[{"name":"wp","href":"https:\/\/api.w.org\/{rel}","templated":true}]}}