{"id":7,"date":"2022-03-17T13:36:17","date_gmt":"2022-03-17T12:36:17","guid":{"rendered":"http:\/\/trinity-france.fr\/?page_id=7"},"modified":"2022-03-18T01:32:39","modified_gmt":"2022-03-18T00:32:39","slug":"a-propos-de","status":"publish","type":"page","link":"https:\/\/trinity-france.fr\/?page_id=7","title":{"rendered":"\u00c0 propos de Trinity"},"content":{"rendered":"\n<p>Trinity regroupe une \u00e9quipe d&#8217;experts pour travailler avec vous afin d&#8217;optimiser la performance \u00e9nerg\u00e9tique de vos installations techniques.<\/p>\n\n\n\n<ul><li>Gestion de l\u2019\u00e9nergie<\/li><li>Gestion des donn\u00e9es techniques<\/li><li>Outils d\u2019aide \u00e0 l\u2019exploitation<\/li><li>Int\u00e9gration multi-protocole sur tous les bus ouverts<\/li><li>Migration de sites anciens<\/li><\/ul>\n\n\n\n<p>Retrouvez bient\u00f4t plus d&#8217;informations sur nos nouvelles solutions<\/p>\n\n\n\n<p>L&#8217;\u00e9quipe TRINITY  <\/p>\n\n\n\n<figure class=\"wp-block-image size-full\"><img loading=\"lazy\" width=\"200\" height=\"50\" src=\"http:\/\/trinity-france.fr\/wp-content\/uploads\/2022\/03\/cropped-cropped-LogoTrinity-Colour-TransparentBackground-2.png\" alt=\"\" class=\"wp-image-66\"\/><\/figure>\n\n\n\n<p><\/p>\n","protected":false},"excerpt":{"rendered":"<div class=\"slide-text-bg2\"><span>Trinity regroupe une \u00e9quipe d&#8217;experts pour travailler avec vous afin d&#8217;optimiser la performance \u00e9nerg\u00e9tique de vos installations techniques.<\/span><\/div>\n<div class=\"slide-btn-area-sm\"><a href=\"https:\/\/trinity-france.fr\/?page_id=7\" class=\"slide-btn-sm\">Read More<\/a><\/div>\n","protected":false},"author":1,"featured_media":0,"parent":0,"menu_order":0,"comment_status":"closed","ping_status":"closed","template":"","meta":[],"_links":{"self":[{"href":"https:\/\/trinity-france.fr\/index.php?rest_route=\/wp\/v2\/pages\/7"}],"collection":[{"href":"https:\/\/trinity-france.fr\/index.php?rest_route=\/wp\/v2\/pages"}],"about":[{"href":"https:\/\/trinity-france.fr\/index.php?rest_route=\/wp\/v2\/types\/page"}],"author":[{"embeddable":true,"href":"https:\/\/trinity-france.fr\/index.php?rest_route=\/wp\/v2\/users\/1"}],"replies":[{"embeddable":true,"href":"https:\/\/trinity-france.fr\/index.php?rest_route=%2Fwp%2Fv2%2Fcomments&post=7"}],"version-history":[{"count":7,"href":"https:\/\/trinity-france.fr\/index.php?rest_route=\/wp\/v2\/pages\/7\/revisions"}],"predecessor-version":[{"id":70,"href":"https:\/\/trinity-france.fr\/index.php?rest_route=\/wp\/v2\/pages\/7\/revisions\/70"}],"wp:attachment":[{"href":"https:\/\/trinity-france.fr\/index.php?rest_route=%2Fwp%2Fv2%2Fmedia&parent=7"}],"curies":[{"name":"wp","href":"https:\/\/api.w.org\/{rel}","templated":true}]}}